{"id":64,"date":"2024-03-14T20:41:28","date_gmt":"2024-03-14T18:41:28","guid":{"rendered":"https:\/\/www.liivlkv.fi\/?page_id=64"},"modified":"2024-04-10T07:23:59","modified_gmt":"2024-04-10T04:23:59","slug":"koulutus-ja-tyohistoria","status":"publish","type":"page","link":"https:\/\/www.liivlkv.fi\/?page_id=64","title":{"rendered":"Koulutus ja ty\u00f6historia"},"content":{"rendered":"\n<h2 class=\"wp-block-heading\">KOULUTUS<\/h2>\n\n\n\n<p><strong>2008-2015 TTY<\/strong><\/p>\n\n\n\n<p>Rak. DI Tampereen Teknillinen Yliopisto<\/p>\n\n\n\n<p><strong>2014 BUT<\/strong><\/p>\n\n\n\n<p>Vaihto-opiskelu Brno University of Technology, Tsekki<\/p>\n\n\n\n<p><strong>2010 NTU<\/strong><\/p>\n\n\n\n<p>Vaihto-opiskelu Nanyang Technological University, Singapore<\/p>\n\n\n\n<p><strong>2004-2007 Alppilan lukio, Helsinki<\/strong><\/p>\n\n\n\n<p><strong>2001-2004 Kulosaari Secondary school, Helsinki<\/strong><\/p>\n\n\n\n<p><strong>Kallion ala-aste, Helsinki<\/strong><\/p>\n\n\n\n<figure class=\"wp-block-gallery has-nested-images columns-default is-cropped wp-block-gallery-1 is-layout-flex wp-block-gallery-is-layout-flex\">\n<figure data-wp-context=\"{&quot;uploadedSrc&quot;:&quot;https:\\\/\\\/www.liivlkv.fi\\\/wp-content\\\/uploads\\\/2024\\\/04\\\/Ali_Liiv_04_2024_015-1-scaled.jpg&quot;,&quot;figureClassNames&quot;:&quot;wp-block-image size-large&quot;,&quot;figureStyles&quot;:null,&quot;imgClassNames&quot;:&quot;wp-image-525&quot;,&quot;imgStyles&quot;:null,&quot;targetWidth&quot;:1708,&quot;targetHeight&quot;:2560,&quot;scaleAttr&quot;:false,&quot;ariaLabel&quot;:&quot;Suurenna kuva&quot;,&quot;alt&quot;:&quot;&quot;}\" data-wp-interactive=\"core\/image\" class=\"wp-block-image size-large wp-lightbox-container\"><img loading=\"lazy\" decoding=\"async\" width=\"683\" height=\"1024\" data-wp-init=\"callbacks.setButtonStyles\" data-wp-on--click=\"actions.showLightbox\" data-wp-on--load=\"callbacks.setButtonStyles\" data-wp-on-window--resize=\"callbacks.setButtonStyles\" data-id=\"525\" src=\"https:\/\/www.liivlkv.fi\/wp-content\/uploads\/2024\/04\/Ali_Liiv_04_2024_015-1-683x1024.jpg\" alt=\"\" class=\"wp-image-525\" srcset=\"https:\/\/www.liivlkv.fi\/wp-content\/uploads\/2024\/04\/Ali_Liiv_04_2024_015-1-683x1024.jpg 683w, https:\/\/www.liivlkv.fi\/wp-content\/uploads\/2024\/04\/Ali_Liiv_04_2024_015-1-200x300.jpg 200w, https:\/\/www.liivlkv.fi\/wp-content\/uploads\/2024\/04\/Ali_Liiv_04_2024_015-1-768x1151.jpg 768w, https:\/\/www.liivlkv.fi\/wp-content\/uploads\/2024\/04\/Ali_Liiv_04_2024_015-1-1025x1536.jpg 1025w, https:\/\/www.liivlkv.fi\/wp-content\/uploads\/2024\/04\/Ali_Liiv_04_2024_015-1-1366x2048.jpg 1366w, https:\/\/www.liivlkv.fi\/wp-content\/uploads\/2024\/04\/Ali_Liiv_04_2024_015-1-scaled.jpg 1708w\" sizes=\"(max-width: 683px) 100vw, 683px\" \/><button\n\t\t\tclass=\"lightbox-trigger\"\n\t\t\ttype=\"button\"\n\t\t\taria-haspopup=\"dialog\"\n\t\t\taria-label=\"Suurenna kuva\"\n\t\t\tdata-wp-init=\"callbacks.initTriggerButton\"\n\t\t\tdata-wp-on--click=\"actions.showLightbox\"\n\t\t\tdata-wp-style--right=\"context.imageButtonRight\"\n\t\t\tdata-wp-style--top=\"context.imageButtonTop\"\n\t\t>\n\t\t\t<svg xmlns=\"http:\/\/www.w3.org\/2000\/svg\" width=\"12\" height=\"12\" fill=\"none\" viewBox=\"0 0 12 12\">\n\t\t\t\t<path fill=\"#fff\" d=\"M2 0a2 2 0 0 0-2 2v2h1.5V2a.5.5 0 0 1 .5-.5h2V0H2Zm2 10.5H2a.5.5 0 0 1-.5-.5V8H0v2a2 2 0 0 0 2 2h2v-1.5ZM8 12v-1.5h2a.5.5 0 0 0 .5-.5V8H12v2a2 2 0 0 1-2 2H8Zm2-12a2 2 0 0 1 2 2v2h-1.5V2a.5.5 0 0 0-.5-.5H8V0h2Z\" \/>\n\t\t\t<\/svg>\n\t\t<\/button><\/figure>\n\n\n\n<figure data-wp-context=\"{&quot;uploadedSrc&quot;:&quot;https:\\\/\\\/www.liivlkv.fi\\\/wp-content\\\/uploads\\\/2024\\\/04\\\/Ali_Liiv_04_2024_031-scaled.jpg&quot;,&quot;figureClassNames&quot;:&quot;wp-block-image size-large&quot;,&quot;figureStyles&quot;:null,&quot;imgClassNames&quot;:&quot;wp-image-526&quot;,&quot;imgStyles&quot;:null,&quot;targetWidth&quot;:1707,&quot;targetHeight&quot;:2560,&quot;scaleAttr&quot;:false,&quot;ariaLabel&quot;:&quot;Suurenna kuva&quot;,&quot;alt&quot;:&quot;&quot;}\" data-wp-interactive=\"core\/image\" class=\"wp-block-image size-large wp-lightbox-container\"><img loading=\"lazy\" decoding=\"async\" width=\"683\" height=\"1024\" data-wp-init=\"callbacks.setButtonStyles\" data-wp-on--click=\"actions.showLightbox\" data-wp-on--load=\"callbacks.setButtonStyles\" data-wp-on-window--resize=\"callbacks.setButtonStyles\" data-id=\"526\" src=\"https:\/\/www.liivlkv.fi\/wp-content\/uploads\/2024\/04\/Ali_Liiv_04_2024_031-683x1024.jpg\" alt=\"\" class=\"wp-image-526\" srcset=\"https:\/\/www.liivlkv.fi\/wp-content\/uploads\/2024\/04\/Ali_Liiv_04_2024_031-683x1024.jpg 683w, https:\/\/www.liivlkv.fi\/wp-content\/uploads\/2024\/04\/Ali_Liiv_04_2024_031-200x300.jpg 200w, https:\/\/www.liivlkv.fi\/wp-content\/uploads\/2024\/04\/Ali_Liiv_04_2024_031-768x1152.jpg 768w, https:\/\/www.liivlkv.fi\/wp-content\/uploads\/2024\/04\/Ali_Liiv_04_2024_031-1024x1536.jpg 1024w, https:\/\/www.liivlkv.fi\/wp-content\/uploads\/2024\/04\/Ali_Liiv_04_2024_031-1366x2048.jpg 1366w, https:\/\/www.liivlkv.fi\/wp-content\/uploads\/2024\/04\/Ali_Liiv_04_2024_031-scaled.jpg 1707w\" sizes=\"(max-width: 683px) 100vw, 683px\" \/><button\n\t\t\tclass=\"lightbox-trigger\"\n\t\t\ttype=\"button\"\n\t\t\taria-haspopup=\"dialog\"\n\t\t\taria-label=\"Suurenna kuva\"\n\t\t\tdata-wp-init=\"callbacks.initTriggerButton\"\n\t\t\tdata-wp-on--click=\"actions.showLightbox\"\n\t\t\tdata-wp-style--right=\"context.imageButtonRight\"\n\t\t\tdata-wp-style--top=\"context.imageButtonTop\"\n\t\t>\n\t\t\t<svg xmlns=\"http:\/\/www.w3.org\/2000\/svg\" width=\"12\" height=\"12\" fill=\"none\" viewBox=\"0 0 12 12\">\n\t\t\t\t<path fill=\"#fff\" d=\"M2 0a2 2 0 0 0-2 2v2h1.5V2a.5.5 0 0 1 .5-.5h2V0H2Zm2 10.5H2a.5.5 0 0 1-.5-.5V8H0v2a2 2 0 0 0 2 2h2v-1.5ZM8 12v-1.5h2a.5.5 0 0 0 .5-.5V8H12v2a2 2 0 0 1-2 2H8Zm2-12a2 2 0 0 1 2 2v2h-1.5V2a.5.5 0 0 0-.5-.5H8V0h2Z\" \/>\n\t\t\t<\/svg>\n\t\t<\/button><\/figure>\n<\/figure>\n\n\n\n<h2 class=\"wp-block-heading\">TY\u00d6HISTORIAA<\/h2>\n\n\n\n<p><strong>Kiinteist\u00f6nv\u00e4litys 2019-><\/strong><\/p>\n\n\n\n<p>Yritt\u00e4j\u00e4 ja Glik LKV Brand partner <\/p>\n\n\n\n<p><strong>Rakennusala\/Projektinjohtamisteht\u00e4v\u00e4t<\/strong><\/p>\n\n\n\n<p>Ruukki Construction &amp; Valmet<\/p>\n\n\n\n<p><strong>Rakennesuunnittelu<\/strong><strong><\/strong><\/p>\n\n\n\n<p>SS-Teracon<\/p>\n\n\n\n<p><strong>Tutkimusty\u00f6 ja Diplomity\u00f6<\/strong><\/p>\n\n\n\n<p>TTY (Diplomity\u00f6n tilaaja Ruukki Construction, ty\u00f6 on julkisesti n\u00e4ht\u00e4vill\u00e4 <a href=\"https:\/\/urn.fi\/URN:NBN:fi:tty-201408281416\">https:\/\/urn.fi\/URN:NBN:fi:tty-201408281416<\/a>)<\/p>\n\n\n\n<p><strong>Rautakaupan sisustusosasto<\/strong><\/p>\n\n\n\n<p>Rautia Kaukaj\u00e4rvi<\/p>\n\n\n\n<p><strong>Rakennusty\u00f6maaty\u00f6skentely<\/strong><\/p>\n\n\n\n<p>Kivi- ja pihaty\u00f6 M&amp;M Koiranen<\/p>\n\n\n\n<figure class=\"wp-block-gallery has-nested-images columns-default is-cropped wp-block-gallery-2 is-layout-flex wp-block-gallery-is-layout-flex\">\n<figure data-wp-context=\"{&quot;uploadedSrc&quot;:&quot;https:\\\/\\\/www.liivlkv.fi\\\/wp-content\\\/uploads\\\/2024\\\/04\\\/Ali_Liiv_012-scaled.jpg&quot;,&quot;figureClassNames&quot;:&quot;wp-block-image size-large&quot;,&quot;figureStyles&quot;:null,&quot;imgClassNames&quot;:&quot;wp-image-531&quot;,&quot;imgStyles&quot;:null,&quot;targetWidth&quot;:1708,&quot;targetHeight&quot;:2560,&quot;scaleAttr&quot;:false,&quot;ariaLabel&quot;:&quot;Suurenna kuva&quot;,&quot;alt&quot;:&quot;&quot;}\" data-wp-interactive=\"core\/image\" class=\"wp-block-image size-large wp-lightbox-container\"><img loading=\"lazy\" decoding=\"async\" width=\"683\" height=\"1024\" data-wp-init=\"callbacks.setButtonStyles\" data-wp-on--click=\"actions.showLightbox\" data-wp-on--load=\"callbacks.setButtonStyles\" data-wp-on-window--resize=\"callbacks.setButtonStyles\" data-id=\"531\" src=\"https:\/\/www.liivlkv.fi\/wp-content\/uploads\/2024\/04\/Ali_Liiv_012-683x1024.jpg\" alt=\"\" class=\"wp-image-531\" srcset=\"https:\/\/www.liivlkv.fi\/wp-content\/uploads\/2024\/04\/Ali_Liiv_012-683x1024.jpg 683w, https:\/\/www.liivlkv.fi\/wp-content\/uploads\/2024\/04\/Ali_Liiv_012-200x300.jpg 200w, https:\/\/www.liivlkv.fi\/wp-content\/uploads\/2024\/04\/Ali_Liiv_012-768x1151.jpg 768w, https:\/\/www.liivlkv.fi\/wp-content\/uploads\/2024\/04\/Ali_Liiv_012-1025x1536.jpg 1025w, https:\/\/www.liivlkv.fi\/wp-content\/uploads\/2024\/04\/Ali_Liiv_012-1366x2048.jpg 1366w, https:\/\/www.liivlkv.fi\/wp-content\/uploads\/2024\/04\/Ali_Liiv_012-scaled.jpg 1708w\" sizes=\"(max-width: 683px) 100vw, 683px\" \/><button\n\t\t\tclass=\"lightbox-trigger\"\n\t\t\ttype=\"button\"\n\t\t\taria-haspopup=\"dialog\"\n\t\t\taria-label=\"Suurenna kuva\"\n\t\t\tdata-wp-init=\"callbacks.initTriggerButton\"\n\t\t\tdata-wp-on--click=\"actions.showLightbox\"\n\t\t\tdata-wp-style--right=\"context.imageButtonRight\"\n\t\t\tdata-wp-style--top=\"context.imageButtonTop\"\n\t\t>\n\t\t\t<svg xmlns=\"http:\/\/www.w3.org\/2000\/svg\" width=\"12\" height=\"12\" fill=\"none\" viewBox=\"0 0 12 12\">\n\t\t\t\t<path fill=\"#fff\" d=\"M2 0a2 2 0 0 0-2 2v2h1.5V2a.5.5 0 0 1 .5-.5h2V0H2Zm2 10.5H2a.5.5 0 0 1-.5-.5V8H0v2a2 2 0 0 0 2 2h2v-1.5ZM8 12v-1.5h2a.5.5 0 0 0 .5-.5V8H12v2a2 2 0 0 1-2 2H8Zm2-12a2 2 0 0 1 2 2v2h-1.5V2a.5.5 0 0 0-.5-.5H8V0h2Z\" \/>\n\t\t\t<\/svg>\n\t\t<\/button><\/figure>\n\n\n\n<figure data-wp-context=\"{&quot;uploadedSrc&quot;:&quot;https:\\\/\\\/www.liivlkv.fi\\\/wp-content\\\/uploads\\\/2024\\\/04\\\/Ali_Liiv_04_2024_001-scaled.jpg&quot;,&quot;figureClassNames&quot;:&quot;wp-block-image size-large&quot;,&quot;figureStyles&quot;:null,&quot;imgClassNames&quot;:&quot;wp-image-528&quot;,&quot;imgStyles&quot;:null,&quot;targetWidth&quot;:1708,&quot;targetHeight&quot;:2560,&quot;scaleAttr&quot;:false,&quot;ariaLabel&quot;:&quot;Suurenna kuva&quot;,&quot;alt&quot;:&quot;&quot;}\" data-wp-interactive=\"core\/image\" class=\"wp-block-image size-large wp-lightbox-container\"><img loading=\"lazy\" decoding=\"async\" width=\"683\" height=\"1024\" data-wp-init=\"callbacks.setButtonStyles\" data-wp-on--click=\"actions.showLightbox\" data-wp-on--load=\"callbacks.setButtonStyles\" data-wp-on-window--resize=\"callbacks.setButtonStyles\" data-id=\"528\" src=\"https:\/\/www.liivlkv.fi\/wp-content\/uploads\/2024\/04\/Ali_Liiv_04_2024_001-683x1024.jpg\" alt=\"\" class=\"wp-image-528\" srcset=\"https:\/\/www.liivlkv.fi\/wp-content\/uploads\/2024\/04\/Ali_Liiv_04_2024_001-683x1024.jpg 683w, https:\/\/www.liivlkv.fi\/wp-content\/uploads\/2024\/04\/Ali_Liiv_04_2024_001-200x300.jpg 200w, https:\/\/www.liivlkv.fi\/wp-content\/uploads\/2024\/04\/Ali_Liiv_04_2024_001-768x1151.jpg 768w, https:\/\/www.liivlkv.fi\/wp-content\/uploads\/2024\/04\/Ali_Liiv_04_2024_001-1025x1536.jpg 1025w, https:\/\/www.liivlkv.fi\/wp-content\/uploads\/2024\/04\/Ali_Liiv_04_2024_001-1366x2048.jpg 1366w, https:\/\/www.liivlkv.fi\/wp-content\/uploads\/2024\/04\/Ali_Liiv_04_2024_001-scaled.jpg 1708w\" sizes=\"(max-width: 683px) 100vw, 683px\" \/><button\n\t\t\tclass=\"lightbox-trigger\"\n\t\t\ttype=\"button\"\n\t\t\taria-haspopup=\"dialog\"\n\t\t\taria-label=\"Suurenna kuva\"\n\t\t\tdata-wp-init=\"callbacks.initTriggerButton\"\n\t\t\tdata-wp-on--click=\"actions.showLightbox\"\n\t\t\tdata-wp-style--right=\"context.imageButtonRight\"\n\t\t\tdata-wp-style--top=\"context.imageButtonTop\"\n\t\t>\n\t\t\t<svg xmlns=\"http:\/\/www.w3.org\/2000\/svg\" width=\"12\" height=\"12\" fill=\"none\" viewBox=\"0 0 12 12\">\n\t\t\t\t<path fill=\"#fff\" d=\"M2 0a2 2 0 0 0-2 2v2h1.5V2a.5.5 0 0 1 .5-.5h2V0H2Zm2 10.5H2a.5.5 0 0 1-.5-.5V8H0v2a2 2 0 0 0 2 2h2v-1.5ZM8 12v-1.5h2a.5.5 0 0 0 .5-.5V8H12v2a2 2 0 0 1-2 2H8Zm2-12a2 2 0 0 1 2 2v2h-1.5V2a.5.5 0 0 0-.5-.5H8V0h2Z\" \/>\n\t\t\t<\/svg>\n\t\t<\/button><\/figure>\n<\/figure>\n","protected":false},"excerpt":{"rendered":"<p>KOULUTUS 2008-2015 TTY Rak. DI Tampereen Teknillinen Yliopisto 2014 BUT Vaihto-opiskelu Brno University of Technology, Tsekki 2010 NTU Vaihto-opiskelu Nanyang Technological University, Singapore 2004-2007 Alppilan lukio, Helsinki 2001-2004 Kulosaari Secondary school, Helsinki Kallion ala-aste, Helsinki TY\u00d6HISTORIAA Kiinteist\u00f6nv\u00e4litys 2019-> Yritt\u00e4j\u00e4 ja Glik LKV Brand partner Rakennusala\/Projektinjohtamisteht\u00e4v\u00e4t Ruukki Construction &amp; Valmet Rakennesuunnittelu SS-Teracon Tutkimusty\u00f6 ja Diplomity\u00f6 TTY [&hellip;]<\/p>\n","protected":false},"author":1,"featured_media":529,"parent":0,"menu_order":0,"comment_status":"closed","ping_status":"closed","template":"","meta":{"om_disable_all_campaigns":false,"_monsterinsights_skip_tracking":false,"_monsterinsights_sitenote_active":false,"_monsterinsights_sitenote_note":"","_monsterinsights_sitenote_category":0,"_uf_show_specific_survey":0,"_uf_disable_surveys":false,"footnotes":""},"aioseo_notices":[],"_links":{"self":[{"href":"https:\/\/www.liivlkv.fi\/index.php?rest_route=\/wp\/v2\/pages\/64"}],"collection":[{"href":"https:\/\/www.liivlkv.fi\/index.php?rest_route=\/wp\/v2\/pages"}],"about":[{"href":"https:\/\/www.liivlkv.fi\/index.php?rest_route=\/wp\/v2\/types\/page"}],"author":[{"embeddable":true,"href":"https:\/\/www.liivlkv.fi\/index.php?rest_route=\/wp\/v2\/users\/1"}],"replies":[{"embeddable":true,"href":"https:\/\/www.liivlkv.fi\/index.php?rest_route=%2Fwp%2Fv2%2Fcomments&post=64"}],"version-history":[{"count":7,"href":"https:\/\/www.liivlkv.fi\/index.php?rest_route=\/wp\/v2\/pages\/64\/revisions"}],"predecessor-version":[{"id":629,"href":"https:\/\/www.liivlkv.fi\/index.php?rest_route=\/wp\/v2\/pages\/64\/revisions\/629"}],"wp:featuredmedia":[{"embeddable":true,"href":"https:\/\/www.liivlkv.fi\/index.php?rest_route=\/wp\/v2\/media\/529"}],"wp:attachment":[{"href":"https:\/\/www.liivlkv.fi\/index.php?rest_route=%2Fwp%2Fv2%2Fmedia&parent=64"}],"curies":[{"name":"wp","href":"https:\/\/api.w.org\/{rel}","templated":true}]}}